{"id":2,"date":"2026-05-04T11:36:43","date_gmt":"2026-05-04T11:36:43","guid":{"rendered":"https:\/\/port.jlmenorca.com\/?page_id=2"},"modified":"2026-05-04T12:40:40","modified_gmt":"2026-05-04T12:40:40","slug":"sample-page","status":"publish","type":"page","link":"https:\/\/port.jlmenorca.com\/","title":{"rendered":"Profesionales de la limpieza"},"content":{"rendered":"\n<div class=\"wp-block-cover has-custom-content-position is-position-bottom-center min-vh-100\"><img loading=\"lazy\" decoding=\"async\" width=\"1024\" height=\"683\" class=\"wp-block-cover__image-background wp-image-16 size-large\" alt=\"\" src=\"https:\/\/port.jlmenorca.com\/wp-content\/uploads\/2026\/05\/bed-1024x683.jpg\" data-object-fit=\"cover\" srcset=\"https:\/\/port.jlmenorca.com\/wp-content\/uploads\/2026\/05\/bed-1024x683.jpg 1024w, https:\/\/port.jlmenorca.com\/wp-content\/uploads\/2026\/05\/bed-300x200.jpg 300w, https:\/\/port.jlmenorca.com\/wp-content\/uploads\/2026\/05\/bed-768x512.jpg 768w, https:\/\/port.jlmenorca.com\/wp-content\/uploads\/2026\/05\/bed.jpg 1512w\" sizes=\"auto, (max-width: 1024px) 100vw, 1024px\" \/><span aria-hidden=\"true\" class=\"wp-block-cover__background has-primary-background-color has-background-dim\"><\/span><div class=\"wp-block-cover__inner-container is-layout-constrained wp-container-core-cover-is-layout-9387084c wp-block-cover-is-layout-constrained\">\n<h1 class=\"wp-block-heading has-text-align-center display-2\" style=\"margin-top:0rem;margin-bottom:8rem\">\u00abTu bienestar,<br>nuestra prioridad\u00bb<\/h1>\n<\/div><\/div>\n\n\n\n<div class=\"py-5\">\n<div class=\"container py-md-4\">\n<div class=\"row justify-content-center hide-wp-block-classes\">\n<div class=\"col-md-10 text-center\">\n<h2 class=\"display-5 mb-4 text-primary\">Comprometidos con el bienestar general<\/h2>\n\n\n\n<p class=\"fs-md-3 mb-4 mb-md-5\">   Somos una empresa de Menorca especializada en el mantenimiento de propiedades, jardines y piscinas, con una amplia experiencia en la limpieza y desinfecci\u00f3n de m\u00e1s de 100 casas vacacionales, adem\u00e1s de restaurantes, oficinas, comercios, hoteles, almacenes, centros sanitarios y casas particulares.<\/p>\n\n\n\n<p class=\"fs-md-3 mb-4 mb-md-5\">   En J&amp;L Menorca, nos encargamos de proporcionar toallas, s\u00e1banas y m\u00e1s para asegurar que las estancias de nuestros clientes sean lo m\u00e1s c\u00f3modas y libres de preocupaciones posibles.<\/p>\n<\/div>\n<\/div>\n<\/div>\n<\/div>\n","protected":false},"excerpt":{"rendered":"<p>Comprometidos con el bienestar general Somos una empresa de Menorca especializada en el mantenimiento de propiedades, jardines y piscinas, con una amplia experiencia en la limpieza y desinfecci\u00f3n de m\u00e1s de 100 casas vacacionales, adem\u00e1s de restaurantes, oficinas, comercios, hoteles, almacenes, centros sanitarios y casas particulares. En J&amp;L Menorca, nos encargamos de proporcionar toallas, s\u00e1banas [&hellip;]<\/p>\n","protected":false},"author":1,"featured_media":0,"parent":0,"menu_order":0,"comment_status":"closed","ping_status":"open","template":"page-templates\/page-blank.php","meta":{"footnotes":""},"class_list":["post-2","page","type-page","status-publish","hentry"],"_links":{"self":[{"href":"https:\/\/port.jlmenorca.com\/index.php?rest_route=\/wp\/v2\/pages\/2","targetHints":{"allow":["GET"]}}],"collection":[{"href":"https:\/\/port.jlmenorca.com\/index.php?rest_route=\/wp\/v2\/pages"}],"about":[{"href":"https:\/\/port.jlmenorca.com\/index.php?rest_route=\/wp\/v2\/types\/page"}],"author":[{"embeddable":true,"href":"https:\/\/port.jlmenorca.com\/index.php?rest_route=\/wp\/v2\/users\/1"}],"replies":[{"embeddable":true,"href":"https:\/\/port.jlmenorca.com\/index.php?rest_route=%2Fwp%2Fv2%2Fcomments&post=2"}],"version-history":[{"count":7,"href":"https:\/\/port.jlmenorca.com\/index.php?rest_route=\/wp\/v2\/pages\/2\/revisions"}],"predecessor-version":[{"id":24,"href":"https:\/\/port.jlmenorca.com\/index.php?rest_route=\/wp\/v2\/pages\/2\/revisions\/24"}],"wp:attachment":[{"href":"https:\/\/port.jlmenorca.com\/index.php?rest_route=%2Fwp%2Fv2%2Fmedia&parent=2"}],"curies":[{"name":"wp","href":"https:\/\/api.w.org\/{rel}","templated":true}]}}